{"id":25863,"date":"2024-10-15T19:22:00","date_gmt":"2024-10-16T00:22:00","guid":{"rendered":"https:\/\/groupealthea.com\/hotel-althea\/"},"modified":"2026-04-07T15:38:55","modified_gmt":"2026-04-07T20:38:55","slug":"hotel-althea","status":"publish","type":"page","link":"https:\/\/groupealthea.com\/en\/businesses\/hotel-althea\/","title":{"rendered":"Alth\u00e9a Hotel"},"content":{"rendered":"<div class=\"wpb-content-wrapper\"><p>[vc_row full_width=&#8221;stretch_row_content_no_spaces&#8221; css=&#8221;.vc_custom_1775593699725{margin-top: -135px !important;}&#8221;][vc_column][vc_raw_html css=&#8221;&#8221;]JTNDdmlkZW8lMjBhdXRvcGxheSUyMG11dGVkJTIwbG9vcCUyMHBsYXlzaW5saW5lJTIwc3R5bGUlM0QlMjJ3aWR0aCUzQTEwMCUyNSUzQiUyMGhlaWdodCUzQTEwMCUyNSUzQiUyMG9iamVjdC1maXQlM0Fjb3ZlciUzQiUyMiUzRSUwQSUyMCUyMCUzQ3NvdXJjZSUyMHNyYyUzRCUyMmh0dHBzJTNBJTJGJTJGZ3JvdXBlYWx0aGVhLmNvbSUyRndwLWNvbnRlbnQlMkZ1cGxvYWRzJTJGMjAyNiUyRjA0JTJGQkFOREVBVV9IT1RFTF9BTFRIRUEubXA0JTIyJTIwdHlwZSUzRCUyMnZpZGVvJTJGbXA0JTIyJTNFJTBBJTNDJTJGdmlkZW8lM0U=[\/vc_raw_html][\/vc_column][\/vc_row][vc_row gap=&#8221;20&#8243;][vc_column width=&#8221;1\/4&#8243; css=&#8221;.vc_custom_1729008014943{margin-top: -7px !important;}&#8221;][vc_single_image image=&#8221;26694&#8243; img_size=&#8221;full&#8221; css=&#8221;&#8221;][\/vc_column][vc_column width=&#8221;3\/4&#8243;][vc_column_text css=&#8221;&#8221; el_class=&#8221;custom-line&#8221;]<\/p>\n<div class=\"title-h2\"><span class=\"light\" style=\"letter-spacing: 8.64px;\">THE PERFECT BREAK<\/span><\/div>\n<p>[\/vc_column_text]<div class=\"clearboth\"><\/div><style>#thegem-divider-6a09ec69e3c2c {margin-top: -17px !important;}<\/style><div id=\"thegem-divider-6a09ec69e3c2c\" class=\"gem-divider  \" style=\"\" ><\/div>[vc_column_text css=&#8221;&#8221;]<\/p>\n<div class=\"title-h2\"><span class=\"light\" style=\"letter-spacing: 8.64px;\">FOR YOUR STAY!<\/span><\/div>\n<p>&nbsp;<\/p>\n<p class=\"\" data-start=\"0\" data-end=\"106\">Whether you&#8217;re traveling for business or pleasure, h\u00f4tel Alth\u00e9a is your hassle-free and affordable choice!<\/p>\n<p class=\"\" data-start=\"108\" data-end=\"554\">Workers and travelers alike appreciate the spacious parking, the value for money of our 20 fully renovated rooms, and the convenient location in the heart of Val-d\u2019Or\u2019s industrial park, perfect for short assignments or quick stays in the region. On-site, you&#8217;ll find the popular restaurant Chez Vic, known for its hearty home-style meals. Passing through? You can also take advantage of our shower service, available daily from 7 a.m. to 10 p.m.<\/p>\n<p>[\/vc_column_text]<div class=\"clearboth\"><\/div><style>#thegem-divider-6a09ec69e3ce5 {margin-top: 39px !important;}<\/style><div id=\"thegem-divider-6a09ec69e3ce5\" class=\"gem-divider  \" style=\"\" ><\/div>[vc_raw_js]JTNDJTIxLS0lMjBib29raW5nJTIwZW5naW5lJTI3cyUyMGluaXRpYWxpemF0aW9uJTIwY2FsbCUyQyUyMGl0JTIwY3JlYXRlcyUyMGElMjBuZXclMjBpbnN0YW5jZSUyMG9mJTIwdGhlJTIwYm9va2luZyUyMGVuZ2luZS4lMjBVc2UlMjB5b3VyJTIwYm9va2luZyUyMGVuZ2luZSUyMENvbmZpZ3VyYXRpb24lMjBJRC4lMjAtLSUzRSUwRCUwQSUzQ3NjcmlwdCUzRSUwRCUwQSUyMCUyMCUyMCUyME1ld3MuRGlzdHJpYnV0b3IlMjglN0IlMEQlMEElMjAlMjAlMjAlMjAlMjAlMjAlMjAlMjBjb25maWd1cmF0aW9uSWRzJTNBJTIwJTVCJTBEJTBBJTIwJTIwJTIwJTIwJTIwJTIwJTIwJTIwJTIwJTIwJTIwJTIwJTI3YjFkZTZjMjQtNDg2MC00Y2Q4LTgwZTctYjIxNDAwZmQ5MzYyJTI3JTJDJTBEJTBBJTIwJTIwJTIwJTIwJTIwJTIwJTIwJTIwJTVEJTJDJTBEJTBBJTIwJTIwJTIwJTIwJTIwJTIwJTIwJTIwb3BlbkVsZW1lbnRzJTNBJTIwJTI3LmRpc3RyaWJ1dG9yLW9wZW4lMjclMkMlMEQlMEElMjAlMjAlMjAlMjAlN0QlMjklM0IlMEQlMEElM0MlMkZzY3JpcHQlM0UlMEQlMEE=[\/vc_raw_js]<style type=\"text\/css\">.thegem-button-6a09ec69e3e942744 .gem-button svg {fill: #FFFFFF;}.thegem-button-6a09ec69e3e942744 .gem-button:hover svg {fill: #FFFFFF;}<\/style><div class=\"gem-button-container gem-button-position-inline thegem-button-6a09ec69e3e942744 distributor-open   \"  ><a class=\"gem-button gem-button-size-medium gem-button-style-flat gem-button-text-weight-normal  gem-button-tablet-size-medium gem-button-mobile-size-medium\" data-ll-effect=\"drop-right-without-wrap\" style=\"border-radius: 3px;background-color: #164EBF;color: #FFFFFF;\" onmouseleave=\"this.style.backgroundColor='#164EBF';this.style.color='#FFFFFF';\" onmouseenter=\"this.style.backgroundColor='#3B3B3B';this.style.color='#FFFFFF';\" href=\"\" target=\"_self\" role=\"button\">BOOK NOW!<\/a><\/div> [\/vc_column][\/vc_row][vc_row disable_element=&#8221;yes&#8221;][vc_column]<div class=\"clearboth\"><\/div><style>#thegem-divider-6a09ec69e3f5f {margin-top: 50px !important;}<\/style><div id=\"thegem-divider-6a09ec69e3f5f\" class=\"gem-divider  \" style=\"\" ><\/div>[\/vc_column][\/vc_row][vc_row disable_element=&#8221;yes&#8221;][vc_column]<div id=\"fullwidth-block-6a09ec69e3ff6\" class=\"fullwidth-block clearfix\"  style=\"background-color: #EEEEEE;padding-bottom: 30px;\"><script type=\"text\/javascript\">if (typeof(gem_fix_fullwidth_position) == \"function\") { gem_fix_fullwidth_position(document.getElementById(\"fullwidth-block-6a09ec69e3ff6\")); }<\/script><div class=\"fullwidth-block-inner\"><div class=\"clearboth\"><\/div><style>#thegem-divider-6a09ec69e415f {margin-top: 50px !important;}<\/style><div id=\"thegem-divider-6a09ec69e415f\" class=\"gem-divider  \" style=\"\" ><\/div>[vc_custom_heading text=&#8221;Histoires inspirantes&#8221; font_container=&#8221;tag:h5|font_size:24|text_align:center|color:%23EF446D&#8221; use_theme_fonts=&#8221;yes&#8221; css=&#8221;&#8221; css_animation=&#8221;fadeIn&#8221;]<div class=\"clearboth\"><\/div><style>#thegem-divider-6a09ec69e41da {margin-top: -17px !important;}<\/style><div id=\"thegem-divider-6a09ec69e41da\" class=\"gem-divider  \" style=\"\" ><\/div>[vc_column_text css=&#8221;&#8221; css_animation=&#8221;fadeIn&#8221;]<\/p>\n<div class=\"title-h2\" style=\"text-align: center; letter-spacing: 8.64px;\"><span class=\"light\">T\u00c9MOIGNAGES<\/span><\/div>\n<p>[\/vc_column_text]<div class=\"clearboth\"><\/div><style>#thegem-divider-6a09ec69e423f {margin-top: 25px !important;}<\/style><div id=\"thegem-divider-6a09ec69e423f\" class=\"gem-divider  \" style=\"\" ><\/div>[vc_separator color=&#8221;custom&#8221; border_width=&#8221;2&#8243; el_width=&#8221;10&#8243; css_animation=&#8221;fadeIn&#8221; css=&#8221;&#8221; accent_color=&#8221;#EF446D&#8221;]<div class=\"clearboth\"><\/div><style>#thegem-divider-6a09ec69e42a9 {margin-top: 90px !important;}<\/style><div id=\"thegem-divider-6a09ec69e42a9\" class=\"gem-divider  \" style=\"\" ><\/div><\/div><\/div>[\/vc_column][\/vc_row][vc_row][vc_column]<div class=\"clearboth\"><\/div><style>#thegem-divider-6a09ec69e5b6d {margin-top: 50px !important;}<\/style><div id=\"thegem-divider-6a09ec69e5b6d\" class=\"gem-divider  \" style=\"\" ><\/div>[\/vc_column][\/vc_row][vc_row][vc_column][vc_custom_heading text=&#8221;Management&#8221; font_container=&#8221;tag:h5|font_size:24|text_align:center|color:%23EF446D&#8221; use_theme_fonts=&#8221;yes&#8221; css=&#8221;&#8221; css_animation=&#8221;fadeIn&#8221;]<div class=\"clearboth\"><\/div><style>#thegem-divider-6a09ec69e5bc1 {margin-top: -17px !important;}<\/style><div id=\"thegem-divider-6a09ec69e5bc1\" class=\"gem-divider  \" style=\"\" ><\/div>[vc_column_text css=&#8221;&#8221; css_animation=&#8221;fadeIn&#8221;]<\/p>\n<div class=\"title-h2\" style=\"text-align: center; letter-spacing: 8.64px;\"><span class=\"light\">OUR TEAM<\/span><\/div>\n<p>[\/vc_column_text]<div class=\"clearboth\"><\/div><style>#thegem-divider-6a09ec69e5bff {margin-top: 25px !important;}<\/style><div id=\"thegem-divider-6a09ec69e5bff\" class=\"gem-divider  \" style=\"\" ><\/div>[vc_separator color=&#8221;custom&#8221; border_width=&#8221;2&#8243; el_width=&#8221;10&#8243; css_animation=&#8221;fadeIn&#8221; css=&#8221;&#8221; accent_color=&#8221;#EF446D&#8221;]<div class=\"clearboth\"><\/div><style>#thegem-divider-6a09ec69e5c36 {margin-top: 90px !important;}<\/style><div id=\"thegem-divider-6a09ec69e5c36\" class=\"gem-divider  \" style=\"\" ><\/div>[\/vc_column][\/vc_row][vc_row][vc_column css_animation=&#8221;fadeIn&#8221;]<div class=\"gem-team row inline-row gem-team-equal-height gem-team-style-4\" data-hover-colors=\"{&quot;background_color&quot;:&quot;rgba(229,191,147,0.01)&quot;}\" > <div class=\"col-xs-12 inline-column\"> <div id=\"post-25865\" class=\"team-person bordered-box centered-box post-25865 thegem_team_person type-thegem_team_person status-publish has-post-thumbnail\" style=\" border-bottom-color: #EF446D;\"> <div class=\"team-person-image\"><img width=\"160\" height=\"160\" src=\"https:\/\/groupealthea.com\/wp-content\/uploads\/2024\/10\/Jonathana-Tanguay-500x500-1-thegem-person-160.jpg\" class=\"img-responsive wp-post-image\" alt=\"Jonathana Tanguay\" srcset=\"https:\/\/groupealthea.com\/wp-content\/uploads\/2024\/10\/Jonathana-Tanguay-500x500-1-thegem-person.jpg 2x\" sizes=\"100vw\" \/><\/div> <div class=\"team-person-info clearfix\"> <div class=\"team-person-name styled-subtitle\" >Jonathan Tanguay<\/div> <div class=\"team-person-position date-color\" >General Manager<\/div> <\/div> <\/div> <\/div> <\/div><div class=\"clearboth\"><\/div><style>#thegem-divider-6a09ec69e8a8e {margin-top: -5px !important;}<\/style><div id=\"thegem-divider-6a09ec69e8a8e\" class=\"gem-divider  \" style=\"\" ><\/div>[\/vc_column][\/vc_row][vc_row disable_element=&#8221;yes&#8221;][vc_column]<div class=\"clearboth\"><\/div><style>#thegem-divider-6a09ec69e8ad9 {margin-top: 50px !important;}<\/style><div id=\"thegem-divider-6a09ec69e8ad9\" class=\"gem-divider  \" style=\"\" ><\/div>[vc_column_text css=&#8221;&#8221; css_animation=&#8221;fadeIn&#8221;]<\/p>\n<div class=\"title-h2\" style=\"text-align: center; letter-spacing: 8.64px;\"><span class=\"light\">EN ACTION<\/span><\/div>\n<p>[\/vc_column_text]<div class=\"clearboth\"><\/div><style>#thegem-divider-6a09ec69e8b15 {margin-top: 25px !important;}<\/style><div id=\"thegem-divider-6a09ec69e8b15\" class=\"gem-divider  \" style=\"\" ><\/div>[vc_separator color=&#8221;custom&#8221; border_width=&#8221;2&#8243; el_width=&#8221;10&#8243; css_animation=&#8221;fadeIn&#8221; css=&#8221;&#8221; accent_color=&#8221;#EF446D&#8221;]<div class=\"clearboth\"><\/div><style>#thegem-divider-6a09ec69e8b4b {margin-top: 90px !important;}<\/style><div id=\"thegem-divider-6a09ec69e8b4b\" class=\"gem-divider  \" style=\"\" ><\/div>[\/vc_column][\/vc_row][vc_row full_width=&#8221;stretch_row_content&#8221; disable_element=&#8221;yes&#8221;][vc_column]<style>.portfolio.portfolio-grid#style-e08b8b3 .portfolio-item:not(.size-item), .preloader#style-preloader-e08b8b3 .portfolio-item { padding: calc(0px\/2) !important; }.portfolio.portfolio-grid#style-e08b8b3 .portfolio-item.size-item { padding: 0 calc(0px\/2) !important; }.portfolio.portfolio-grid#style-e08b8b3 .portfolio-row, .preloader#style-preloader-e08b8b3 .skeleton-posts.portfolio-row { margin: calc(-0px\/2); }.portfolio.portfolio-grid#style-e08b8b3.fullwidth-columns .portfolio-row { margin: calc(-0px\/2) 0; }.portfolio.portfolio-grid#style-e08b8b3 .fullwidth-block:not(.no-paddings) { padding-left: 0px; padding-right: 0px; }.portfolio.portfolio-grid#style-e08b8b3 .fullwidth-block .portfolio-row { padding-left: calc(0px\/2); padding-right: calc(0px\/2); }.portfolio.portfolio-grid#style-e08b8b3 .fullwidth-block .portfolio-top-panel { padding-left: 0px; padding-right: 0px; }.portfolio.portfolio-grid#style-e08b8b3.fullwidth-columns .with-filter-sidebar .filter-sidebar { padding-left: 0px; }.portfolio.portfolio-grid#style-e08b8b3 .portfolio-item .caption .title span { letter-spacing: px !important; }<\/style><style>.portfolio.portfolio-grid#style-e08b8b3 .portfolio-filters { text-align: center; }<\/style>[\/vc_column][\/vc_row][vc_row full_width=&#8221;stretch_row_content&#8221;][vc_column]<div class=\"clearboth\"><\/div><style>#thegem-divider-6a09ec69ea638 {margin-top: 90px !important;}<\/style><div id=\"thegem-divider-6a09ec69ea638\" class=\"gem-divider  \" style=\"\" ><\/div>[vc_raw_html css=&#8221;&#8221;]JTNDcCUyMHN0eWxlJTNEJTIydGV4dC1hbGlnbiUzQWNlbnRlciUzQiUyMiUzRSUzQ3NwYW4lMjBzdHlsZSUzRCUyMmZvbnQtZmFtaWx5JTNBJTIwTGljb3JpY2UlM0Jmb250LXNpemUlM0E1NTAlMjUlM0Jmb250LXdlaWdodCUzQTYwMCUzQmxpbmUtaGVpZ2h0JTNBJTIwMXB4JTNCY29sb3IlM0ElMjNFRjQ0NkQlM0IlMjIlM0VXZSVFMiU4MCU5OXJlJTIwZG9pbmclMjBpdCUyMSUzQyUyRnNwYW4lM0UlM0MlMkZwJTNFJTBB[\/vc_raw_html]<div class=\"clearboth\"><\/div><style>#thegem-divider-6a09ec69ea6ac {margin-top: 75px !important;}@media screen and (max-width: 1023px) and (min-width: 768px) {#thegem-divider-6a09ec69ea6ac {margin-bottom: 25px !important;}}@media screen and (max-width: 767px) {#thegem-divider-6a09ec69ea6ac {margin-bottom: 25px !important;}}<\/style><div id=\"thegem-divider-6a09ec69ea6ac\" class=\"gem-divider  \" style=\"\" ><\/div>[\/vc_column][\/vc_row]<\/p>\n<\/div>","protected":false},"excerpt":{"rendered":"<p>[vc_row full_width=&#8221;stretch_row_content_no_spaces&#8221; css=&#8221;.vc_custom_1775593699725{margin-top: -135px !important;}&#8221;][vc_column][vc_raw_html css=&#8221;&#8221;]JTNDdmlkZW8lMjBhdXRvcGxheSUyMG11dGVkJTIwbG9vcCUyMHBsYXlzaW5saW5lJTIwc3R5bGUlM0QlMjJ3aWR0aCUzQTEwMCUyNSUzQiUyMGhlaWdodCUzQTEwMCUyNSUzQiUyMG9iamVjdC1maXQlM0Fjb3ZlciUzQiUyMiUzRSUwQSUyMCUyMCUzQ3NvdXJjZSUyMHNyYyUzRCUyMmh0dHBzJTNBJTJGJTJGZ3JvdXBlYWx0aGVhLmNvbSUyRndwLWNvbnRlbnQlMkZ1cGxvYWRzJTJGMjAyNiUyRjA0JTJGQkFOREVBVV9IT1RFTF9BTFRIRUEubXA0JTIyJTIwdHlwZSUzRCUyMnZpZGVvJTJGbXA0JTIyJTNFJTBBJTNDJTJGdmlkZW8lM0U=[\/vc_raw_html][\/vc_column][\/vc_row][vc_row gap=&#8221;20&#8243;][vc_column width=&#8221;1\/4&#8243; css=&#8221;.vc_custom_1729008014943{margin-top: -7px !important;}&#8221;][vc_single_image image=&#8221;26694&#8243; img_size=&#8221;full&#8221; css=&#8221;&#8221;][\/vc_column][vc_column width=&#8221;3\/4&#8243;][vc_column_text css=&#8221;&#8221; el_class=&#8221;custom-line&#8221;] THE PERFECT BREAK&#8230;<\/p>\n","protected":false},"author":2,"featured_media":0,"parent":25896,"menu_order":0,"comment_status":"closed","ping_status":"closed","template":"","meta":{"footnotes":""},"class_list":["post-25863","page","type-page","status-publish"],"yoast_head":"<!-- This site is optimized with the Yoast SEO plugin v27.6 - https:\/\/yoast.com\/product\/yoast-seo-wordpress\/ -->\n<title>Alth\u00e9a Hotel<\/title>\n<meta name=\"description\" content=\"Situ\u00e9 au c\u0153ur du parc industriel de Val-d&#039;Or, notre h\u00f4tel offre un vaste stationnement, un excellent rapport qualit\u00e9\/prix pour les travailleurs et voyageurs de passage.\" \/>\n<meta name=\"robots\" content=\"index, follow, max-snippet:-1, max-image-preview:large, max-video-preview:-1\" \/>\n<link rel=\"canonical\" href=\"https:\/\/groupealthea.com\/en\/businesses\/hotel-althea\/\" \/>\n<meta property=\"og:locale\" content=\"en_US\" \/>\n<meta property=\"og:type\" content=\"article\" \/>\n<meta property=\"og:title\" content=\"Alth\u00e9a Hotel\" \/>\n<meta property=\"og:description\" content=\"Situ\u00e9 au c\u0153ur du parc industriel de Val-d&#039;Or, notre h\u00f4tel offre un vaste stationnement, un excellent rapport qualit\u00e9\/prix pour les travailleurs et voyageurs de passage.\" \/>\n<meta property=\"og:url\" content=\"https:\/\/groupealthea.com\/en\/businesses\/hotel-althea\/\" \/>\n<meta property=\"og:site_name\" content=\"Groupe Alth\u00e9a\" \/>\n<meta property=\"article:modified_time\" content=\"2026-04-07T20:38:55+00:00\" \/>\n<meta property=\"og:image\" content=\"https:\/\/groupealthea.com\/wp-content\/uploads\/2024\/11\/Yoast-groupe-althea.jpg\" \/>\n\t<meta property=\"og:image:width\" content=\"1200\" \/>\n\t<meta property=\"og:image:height\" content=\"630\" \/>\n\t<meta property=\"og:image:type\" content=\"image\/jpeg\" \/>\n<meta name=\"twitter:card\" content=\"summary_large_image\" \/>\n<meta name=\"twitter:label1\" content=\"Est. reading time\" \/>\n\t<meta name=\"twitter:data1\" content=\"2 minutes\" \/>\n<script type=\"application\/ld+json\" class=\"yoast-schema-graph\">{\"@context\":\"https:\\\/\\\/schema.org\",\"@graph\":[{\"@type\":\"WebPage\",\"@id\":\"https:\\\/\\\/groupealthea.com\\\/en\\\/businesses\\\/hotel-althea\\\/\",\"url\":\"https:\\\/\\\/groupealthea.com\\\/en\\\/businesses\\\/hotel-althea\\\/\",\"name\":\"Alth\u00e9a Hotel\",\"isPartOf\":{\"@id\":\"https:\\\/\\\/groupealthea.com\\\/#website\"},\"datePublished\":\"2024-10-16T00:22:00+00:00\",\"dateModified\":\"2026-04-07T20:38:55+00:00\",\"description\":\"Situ\u00e9 au c\u0153ur du parc industriel de Val-d'Or, notre h\u00f4tel offre un vaste stationnement, un excellent rapport qualit\u00e9\\\/prix pour les travailleurs et voyageurs de passage.\",\"breadcrumb\":{\"@id\":\"https:\\\/\\\/groupealthea.com\\\/en\\\/businesses\\\/hotel-althea\\\/#breadcrumb\"},\"inLanguage\":\"en-US\",\"potentialAction\":[{\"@type\":\"ReadAction\",\"target\":[\"https:\\\/\\\/groupealthea.com\\\/en\\\/businesses\\\/hotel-althea\\\/\"]}]},{\"@type\":\"BreadcrumbList\",\"@id\":\"https:\\\/\\\/groupealthea.com\\\/en\\\/businesses\\\/hotel-althea\\\/#breadcrumb\",\"itemListElement\":[{\"@type\":\"ListItem\",\"position\":1,\"name\":\"Accueil\",\"item\":\"https:\\\/\\\/groupealthea.com\\\/en\\\/\"},{\"@type\":\"ListItem\",\"position\":2,\"name\":\"Businesses\",\"item\":\"https:\\\/\\\/groupealthea.com\\\/en\\\/businesses\\\/\"},{\"@type\":\"ListItem\",\"position\":3,\"name\":\"Alth\u00e9a Hotel\"}]},{\"@type\":\"WebSite\",\"@id\":\"https:\\\/\\\/groupealthea.com\\\/#website\",\"url\":\"https:\\\/\\\/groupealthea.com\\\/\",\"name\":\"Groupe Alth\u00e9a\",\"description\":\"Groupe Alth\u00e9a\",\"potentialAction\":[{\"@type\":\"SearchAction\",\"target\":{\"@type\":\"EntryPoint\",\"urlTemplate\":\"https:\\\/\\\/groupealthea.com\\\/?s={search_term_string}\"},\"query-input\":{\"@type\":\"PropertyValueSpecification\",\"valueRequired\":true,\"valueName\":\"search_term_string\"}}],\"inLanguage\":\"en-US\"}]}<\/script>\n<!-- \/ Yoast SEO plugin. -->","yoast_head_json":{"title":"Alth\u00e9a Hotel","description":"Situ\u00e9 au c\u0153ur du parc industriel de Val-d'Or, notre h\u00f4tel offre un vaste stationnement, un excellent rapport qualit\u00e9\/prix pour les travailleurs et voyageurs de passage.","robots":{"index":"index","follow":"follow","max-snippet":"max-snippet:-1","max-image-preview":"max-image-preview:large","max-video-preview":"max-video-preview:-1"},"canonical":"https:\/\/groupealthea.com\/en\/businesses\/hotel-althea\/","og_locale":"en_US","og_type":"article","og_title":"Alth\u00e9a Hotel","og_description":"Situ\u00e9 au c\u0153ur du parc industriel de Val-d'Or, notre h\u00f4tel offre un vaste stationnement, un excellent rapport qualit\u00e9\/prix pour les travailleurs et voyageurs de passage.","og_url":"https:\/\/groupealthea.com\/en\/businesses\/hotel-althea\/","og_site_name":"Groupe Alth\u00e9a","article_modified_time":"2026-04-07T20:38:55+00:00","og_image":[{"width":1200,"height":630,"url":"https:\/\/groupealthea.com\/wp-content\/uploads\/2024\/11\/Yoast-groupe-althea.jpg","type":"image\/jpeg"}],"twitter_card":"summary_large_image","twitter_misc":{"Est. reading time":"2 minutes"},"schema":{"@context":"https:\/\/schema.org","@graph":[{"@type":"WebPage","@id":"https:\/\/groupealthea.com\/en\/businesses\/hotel-althea\/","url":"https:\/\/groupealthea.com\/en\/businesses\/hotel-althea\/","name":"Alth\u00e9a Hotel","isPartOf":{"@id":"https:\/\/groupealthea.com\/#website"},"datePublished":"2024-10-16T00:22:00+00:00","dateModified":"2026-04-07T20:38:55+00:00","description":"Situ\u00e9 au c\u0153ur du parc industriel de Val-d'Or, notre h\u00f4tel offre un vaste stationnement, un excellent rapport qualit\u00e9\/prix pour les travailleurs et voyageurs de passage.","breadcrumb":{"@id":"https:\/\/groupealthea.com\/en\/businesses\/hotel-althea\/#breadcrumb"},"inLanguage":"en-US","potentialAction":[{"@type":"ReadAction","target":["https:\/\/groupealthea.com\/en\/businesses\/hotel-althea\/"]}]},{"@type":"BreadcrumbList","@id":"https:\/\/groupealthea.com\/en\/businesses\/hotel-althea\/#breadcrumb","itemListElement":[{"@type":"ListItem","position":1,"name":"Accueil","item":"https:\/\/groupealthea.com\/en\/"},{"@type":"ListItem","position":2,"name":"Businesses","item":"https:\/\/groupealthea.com\/en\/businesses\/"},{"@type":"ListItem","position":3,"name":"Alth\u00e9a Hotel"}]},{"@type":"WebSite","@id":"https:\/\/groupealthea.com\/#website","url":"https:\/\/groupealthea.com\/","name":"Groupe Alth\u00e9a","description":"Groupe Alth\u00e9a","potentialAction":[{"@type":"SearchAction","target":{"@type":"EntryPoint","urlTemplate":"https:\/\/groupealthea.com\/?s={search_term_string}"},"query-input":{"@type":"PropertyValueSpecification","valueRequired":true,"valueName":"search_term_string"}}],"inLanguage":"en-US"}]}},"_links":{"self":[{"href":"https:\/\/groupealthea.com\/en\/wp-json\/wp\/v2\/pages\/25863","targetHints":{"allow":["GET"]}}],"collection":[{"href":"https:\/\/groupealthea.com\/en\/wp-json\/wp\/v2\/pages"}],"about":[{"href":"https:\/\/groupealthea.com\/en\/wp-json\/wp\/v2\/types\/page"}],"author":[{"embeddable":true,"href":"https:\/\/groupealthea.com\/en\/wp-json\/wp\/v2\/users\/2"}],"replies":[{"embeddable":true,"href":"https:\/\/groupealthea.com\/en\/wp-json\/wp\/v2\/comments?post=25863"}],"version-history":[{"count":8,"href":"https:\/\/groupealthea.com\/en\/wp-json\/wp\/v2\/pages\/25863\/revisions"}],"predecessor-version":[{"id":26998,"href":"https:\/\/groupealthea.com\/en\/wp-json\/wp\/v2\/pages\/25863\/revisions\/26998"}],"up":[{"embeddable":true,"href":"https:\/\/groupealthea.com\/en\/wp-json\/wp\/v2\/pages\/25896"}],"wp:attachment":[{"href":"https:\/\/groupealthea.com\/en\/wp-json\/wp\/v2\/media?parent=25863"}],"curies":[{"name":"wp","href":"https:\/\/api.w.org\/{rel}","templated":true}]}}