{"id":25860,"date":"2019-04-08T12:20:22","date_gmt":"2019-04-08T17:20:22","guid":{"rendered":"https:\/\/groupealthea.com\/evenements-groupe-althea\/"},"modified":"2024-11-07T15:33:50","modified_gmt":"2024-11-07T20:33:50","slug":"news","status":"publish","type":"page","link":"https:\/\/groupealthea.com\/en\/news\/","title":{"rendered":"News"},"content":{"rendered":"<div class=\"wpb-content-wrapper\"><p>[vc_row][vc_column]<div id=\"style-6d7e47c\" data-style-uid=\"6d7e47c\" class=\"blog blog-style-justified-3x justified-style-1 inline-row clearfix item-animation-move-up pagination-normal\" data-next-page=\"0\" data-pages-count=\"1\">\n<article id=\"post-27014\" class=\"col-lg-4 col-md-4 col-sm-6 col-xs-6 inline-column item-animations-not-inited post-27014 post type-post status-publish format-standard has-post-thumbnail category-non-classifiee\"> <div class=\"post-content-wrapper\" style=\"\"> <div class=\"post-image\"><div class=\"post-featured-content\"><a href=\"https:\/\/groupealthea.com\/en\/business-gala\/\"> <picture> <img src=\"https:\/\/groupealthea.com\/wp-content\/uploads\/2026\/04\/finalistes-gala-entreprise-small.jpg\" width=\"315\" height=\"237\" class=\"img-responsive\" alt=\"\" \/> <\/picture> <\/a><\/div><\/div> <div class=\"description\"> <div class=\"post-meta-conteiner\"> <div class=\"post-meta-right\"> <\/div> <\/div> <div class=\"post-title\"> <div class=\"entry-title title-h4\"><a href=\"https:\/\/groupealthea.com\/en\/business-gala\/\" rel=\"bookmark\"><span class=\"light\">2026 Business Gala<\/span><\/a><\/div> <\/div> <div class=\"post-text\"> <div class=\"summary\"> <p>On March 11, 2026, Groupe Alth\u00e9a was named a finalist during the official unveiling of the Business Gala organized by the Chamber of Commerce of Val-d\u2019Or.<\/p> <\/div> <\/div> <div class=\"info clearfix\"> <div class=\"post-read-more\"><div class=\"gem-button-container gem-button-position-inline thegem-button-6a08f6c3152b21926\" ><a class=\"gem-button gem-button-size-tiny gem-button-style-outline gem-button-text-weight-normal gem-button-border-2\" data-ll-effect=\"drop-right-without-wrap\" style=\"border-radius: 3px;\" onmouseleave=\"\" onmouseenter=\"\" href=\"https:\/\/groupealthea.com\/en\/business-gala\/\" target=\"_self\">Read More<\/a><\/div> <\/div> <\/div> <\/div> <\/div>\n<\/article> <article id=\"post-26764\" class=\"col-lg-4 col-md-4 col-sm-6 col-xs-6 inline-column item-animations-not-inited post-26764 post type-post status-publish format-standard has-post-thumbnail category-non-classifiee\"> <div class=\"post-content-wrapper\" style=\"\"> <div class=\"post-image\"><div class=\"post-featured-content\"><a href=\"https:\/\/groupealthea.com\/en\/academie-althea\/\"> <picture> <img src=\"https:\/\/groupealthea.com\/wp-content\/uploads\/2025\/09\/Photo-3-thegem-blog-justified.jpg\" width=\"640\" height=\"480\" class=\"img-responsive\" alt=\"\" \/> <\/picture> <\/a><\/div><\/div> <div class=\"description\"> <div class=\"post-meta-conteiner\"> <div class=\"post-meta-right\"> <\/div> <\/div> <div class=\"post-title\"> <div class=\"entry-title title-h4\"><a href=\"https:\/\/groupealthea.com\/en\/academie-althea\/\" rel=\"bookmark\"><span class=\"light\">Acad\u00e9mie Alth\u00e9a<\/span><\/a><\/div> <\/div> <div class=\"post-text\"> <div class=\"summary\"> <p>On August 27, Alth\u00e9a Academy held its official grand launch! Visit our website to discover the upcoming cohorts and join the adventure.<\/p> <\/div> <\/div> <div class=\"info clearfix\"> <div class=\"post-read-more\"><div class=\"gem-button-container gem-button-position-inline thegem-button-6a08f6c316d101960\" ><a class=\"gem-button gem-button-size-tiny gem-button-style-outline gem-button-text-weight-normal gem-button-border-2\" data-ll-effect=\"drop-right-without-wrap\" style=\"border-radius: 3px;\" onmouseleave=\"\" onmouseenter=\"\" href=\"https:\/\/groupealthea.com\/en\/academie-althea\/\" target=\"_self\">Read More<\/a><\/div> <\/div> <\/div> <\/div> <\/div>\n<\/article> <article id=\"post-26402\" class=\"col-lg-4 col-md-4 col-sm-6 col-xs-6 inline-column item-animations-not-inited post-26402 post type-post status-publish format-standard has-post-thumbnail category-non-classifiee\"> <div class=\"post-content-wrapper\" style=\"\"> <div class=\"post-image\"><div class=\"post-featured-content\"><a href=\"https:\/\/groupealthea.com\/en\/althea-address\/\"> <picture> <img src=\"https:\/\/groupealthea.com\/wp-content\/uploads\/2025\/02\/apercuANG-thegem-blog-justified.jpg\" width=\"640\" height=\"480\" class=\"img-responsive\" alt=\"\" \/> <\/picture> <\/a><\/div><\/div> <div class=\"description\"> <div class=\"post-meta-conteiner\"> <div class=\"post-meta-right\"> <\/div> <\/div> <div class=\"post-title\"> <div class=\"entry-title title-h4\"><a href=\"https:\/\/groupealthea.com\/en\/althea-address\/\" rel=\"bookmark\"><span class=\"light\">Alth\u00e9a address<\/span><\/a><\/div> <\/div> <div class=\"post-text\"> <div class=\"summary\"> <p>We are excited to announce the launch of Alth\u00e9a address, a brand-new real estate company now established in Val-d&#8217;Or and Rouyn-Noranda! <\/p> <\/div> <\/div> <div class=\"info clearfix\"> <div class=\"post-read-more\"><div class=\"gem-button-container gem-button-position-inline thegem-button-6a08f6c31899e500\" ><a class=\"gem-button gem-button-size-tiny gem-button-style-outline gem-button-text-weight-normal gem-button-border-2\" data-ll-effect=\"drop-right-without-wrap\" style=\"border-radius: 3px;\" onmouseleave=\"\" onmouseenter=\"\" href=\"https:\/\/groupealthea.com\/en\/althea-address\/\" target=\"_self\">Read More<\/a><\/div> <\/div> <\/div> <\/div> <\/div>\n<\/article>\n<\/div>[\/vc_column][\/vc_row]<\/p>\n<\/div>","protected":false},"excerpt":{"rendered":"<p>[vc_row][vc_column][\/vc_column][\/vc_row]<\/p>\n","protected":false},"author":2,"featured_media":0,"parent":0,"menu_order":0,"comment_status":"closed","ping_status":"closed","template":"","meta":{"footnotes":""},"class_list":["post-25860","page","type-page","status-publish"],"yoast_head":"<!-- This site is optimized with the Yoast SEO plugin v27.6 - https:\/\/yoast.com\/product\/yoast-seo-wordpress\/ -->\n<title>News - Groupe Alth\u00e9a<\/title>\n<meta name=\"description\" content=\"Le Groupe Alth\u00e9a propose plusieurs \u00e9v\u00e9nements en Abitibi-T\u00e9miscamingue. L\u2019un d\u2019eux vous int\u00e9resse? Achetez vos billets ici!\" \/>\n<meta name=\"robots\" content=\"index, follow, max-snippet:-1, max-image-preview:large, max-video-preview:-1\" \/>\n<link rel=\"canonical\" href=\"https:\/\/groupealthea.com\/actualites\/\" \/>\n<meta property=\"og:locale\" content=\"en_US\" \/>\n<meta property=\"og:type\" content=\"article\" \/>\n<meta property=\"og:title\" content=\"News - Groupe Alth\u00e9a\" \/>\n<meta property=\"og:description\" content=\"Le Groupe Alth\u00e9a propose plusieurs \u00e9v\u00e9nements en Abitibi-T\u00e9miscamingue. L\u2019un d\u2019eux vous int\u00e9resse? Achetez vos billets ici!\" \/>\n<meta property=\"og:url\" content=\"https:\/\/groupealthea.com\/actualites\/\" \/>\n<meta property=\"og:site_name\" content=\"Groupe Alth\u00e9a\" \/>\n<meta property=\"article:modified_time\" content=\"2024-11-07T20:33:50+00:00\" \/>\n<meta property=\"og:image\" content=\"https:\/\/groupealthea.com\/wp-content\/uploads\/2024\/11\/Yoast-groupe-althea.jpg\" \/>\n\t<meta property=\"og:image:width\" content=\"1200\" \/>\n\t<meta property=\"og:image:height\" content=\"630\" \/>\n\t<meta property=\"og:image:type\" content=\"image\/jpeg\" \/>\n<meta name=\"twitter:card\" content=\"summary_large_image\" \/>\n<meta name=\"twitter:label1\" content=\"Est. reading time\" \/>\n\t<meta name=\"twitter:data1\" content=\"1 minute\" \/>\n<script type=\"application\/ld+json\" class=\"yoast-schema-graph\">{\"@context\":\"https:\\\/\\\/schema.org\",\"@graph\":[{\"@type\":\"WebPage\",\"@id\":\"https:\\\/\\\/groupealthea.com\\\/actualites\\\/\",\"url\":\"https:\\\/\\\/groupealthea.com\\\/actualites\\\/\",\"name\":\"News - Groupe Alth\u00e9a\",\"isPartOf\":{\"@id\":\"https:\\\/\\\/groupealthea.com\\\/#website\"},\"datePublished\":\"2019-04-08T17:20:22+00:00\",\"dateModified\":\"2024-11-07T20:33:50+00:00\",\"description\":\"Le Groupe Alth\u00e9a propose plusieurs \u00e9v\u00e9nements en Abitibi-T\u00e9miscamingue. L\u2019un d\u2019eux vous int\u00e9resse? Achetez vos billets ici!\",\"breadcrumb\":{\"@id\":\"https:\\\/\\\/groupealthea.com\\\/actualites\\\/#breadcrumb\"},\"inLanguage\":\"en-US\",\"potentialAction\":[{\"@type\":\"ReadAction\",\"target\":[\"https:\\\/\\\/groupealthea.com\\\/actualites\\\/\"]}]},{\"@type\":\"BreadcrumbList\",\"@id\":\"https:\\\/\\\/groupealthea.com\\\/actualites\\\/#breadcrumb\",\"itemListElement\":[{\"@type\":\"ListItem\",\"position\":1,\"name\":\"Accueil\",\"item\":\"https:\\\/\\\/groupealthea.com\\\/en\\\/\"},{\"@type\":\"ListItem\",\"position\":2,\"name\":\"News\"}]},{\"@type\":\"WebSite\",\"@id\":\"https:\\\/\\\/groupealthea.com\\\/#website\",\"url\":\"https:\\\/\\\/groupealthea.com\\\/\",\"name\":\"Groupe Alth\u00e9a\",\"description\":\"Groupe Alth\u00e9a\",\"potentialAction\":[{\"@type\":\"SearchAction\",\"target\":{\"@type\":\"EntryPoint\",\"urlTemplate\":\"https:\\\/\\\/groupealthea.com\\\/?s={search_term_string}\"},\"query-input\":{\"@type\":\"PropertyValueSpecification\",\"valueRequired\":true,\"valueName\":\"search_term_string\"}}],\"inLanguage\":\"en-US\"}]}<\/script>\n<!-- \/ Yoast SEO plugin. -->","yoast_head_json":{"title":"News - Groupe Alth\u00e9a","description":"Le Groupe Alth\u00e9a propose plusieurs \u00e9v\u00e9nements en Abitibi-T\u00e9miscamingue. L\u2019un d\u2019eux vous int\u00e9resse? Achetez vos billets ici!","robots":{"index":"index","follow":"follow","max-snippet":"max-snippet:-1","max-image-preview":"max-image-preview:large","max-video-preview":"max-video-preview:-1"},"canonical":"https:\/\/groupealthea.com\/actualites\/","og_locale":"en_US","og_type":"article","og_title":"News - Groupe Alth\u00e9a","og_description":"Le Groupe Alth\u00e9a propose plusieurs \u00e9v\u00e9nements en Abitibi-T\u00e9miscamingue. L\u2019un d\u2019eux vous int\u00e9resse? Achetez vos billets ici!","og_url":"https:\/\/groupealthea.com\/actualites\/","og_site_name":"Groupe Alth\u00e9a","article_modified_time":"2024-11-07T20:33:50+00:00","og_image":[{"width":1200,"height":630,"url":"https:\/\/groupealthea.com\/wp-content\/uploads\/2024\/11\/Yoast-groupe-althea.jpg","type":"image\/jpeg"}],"twitter_card":"summary_large_image","twitter_misc":{"Est. reading time":"1 minute"},"schema":{"@context":"https:\/\/schema.org","@graph":[{"@type":"WebPage","@id":"https:\/\/groupealthea.com\/actualites\/","url":"https:\/\/groupealthea.com\/actualites\/","name":"News - Groupe Alth\u00e9a","isPartOf":{"@id":"https:\/\/groupealthea.com\/#website"},"datePublished":"2019-04-08T17:20:22+00:00","dateModified":"2024-11-07T20:33:50+00:00","description":"Le Groupe Alth\u00e9a propose plusieurs \u00e9v\u00e9nements en Abitibi-T\u00e9miscamingue. L\u2019un d\u2019eux vous int\u00e9resse? Achetez vos billets ici!","breadcrumb":{"@id":"https:\/\/groupealthea.com\/actualites\/#breadcrumb"},"inLanguage":"en-US","potentialAction":[{"@type":"ReadAction","target":["https:\/\/groupealthea.com\/actualites\/"]}]},{"@type":"BreadcrumbList","@id":"https:\/\/groupealthea.com\/actualites\/#breadcrumb","itemListElement":[{"@type":"ListItem","position":1,"name":"Accueil","item":"https:\/\/groupealthea.com\/en\/"},{"@type":"ListItem","position":2,"name":"News"}]},{"@type":"WebSite","@id":"https:\/\/groupealthea.com\/#website","url":"https:\/\/groupealthea.com\/","name":"Groupe Alth\u00e9a","description":"Groupe Alth\u00e9a","potentialAction":[{"@type":"SearchAction","target":{"@type":"EntryPoint","urlTemplate":"https:\/\/groupealthea.com\/?s={search_term_string}"},"query-input":{"@type":"PropertyValueSpecification","valueRequired":true,"valueName":"search_term_string"}}],"inLanguage":"en-US"}]}},"_links":{"self":[{"href":"https:\/\/groupealthea.com\/en\/wp-json\/wp\/v2\/pages\/25860","targetHints":{"allow":["GET"]}}],"collection":[{"href":"https:\/\/groupealthea.com\/en\/wp-json\/wp\/v2\/pages"}],"about":[{"href":"https:\/\/groupealthea.com\/en\/wp-json\/wp\/v2\/types\/page"}],"author":[{"embeddable":true,"href":"https:\/\/groupealthea.com\/en\/wp-json\/wp\/v2\/users\/2"}],"replies":[{"embeddable":true,"href":"https:\/\/groupealthea.com\/en\/wp-json\/wp\/v2\/comments?post=25860"}],"version-history":[{"count":3,"href":"https:\/\/groupealthea.com\/en\/wp-json\/wp\/v2\/pages\/25860\/revisions"}],"predecessor-version":[{"id":26098,"href":"https:\/\/groupealthea.com\/en\/wp-json\/wp\/v2\/pages\/25860\/revisions\/26098"}],"wp:attachment":[{"href":"https:\/\/groupealthea.com\/en\/wp-json\/wp\/v2\/media?parent=25860"}],"curies":[{"name":"wp","href":"https:\/\/api.w.org\/{rel}","templated":true}]}}